{"id":1435,"date":"2025-06-14T20:21:10","date_gmt":"2025-06-14T17:21:10","guid":{"rendered":"https:\/\/kemerlihousehotel.com\/?page_id=1435"},"modified":"2025-06-14T20:22:22","modified_gmt":"2025-06-14T17:22:22","slug":"rezervasyon","status":"publish","type":"page","link":"https:\/\/kemerlihousehotel.com\/en\/rezervasyon\/","title":{"rendered":"Rezervasyon"},"content":{"rendered":"<div data-elementor-type=\"wp-page\" data-elementor-id=\"1435\" class=\"elementor elementor-1435\" data-elementor-post-type=\"page\">\n\t\t\t\t<div class=\"elementor-element elementor-element-2bf1db5 e-flex e-con-boxed e-con e-parent\" data-id=\"2bf1db5\" data-element_type=\"container\" data-settings=\"{&quot;hoteller_ext_is_background_parallax&quot;:&quot;false&quot;,&quot;hoteller_ext_is_background_backdrop&quot;:&quot;false&quot;,&quot;hoteller_ext_is_background_on_scroll&quot;:&quot;false&quot;,&quot;hoteller_ext_link_sidemenu&quot;:&quot;false&quot;,&quot;hoteller_ext_link_fullmenu&quot;:&quot;false&quot;,&quot;hoteller_ext_link_closed_fullmenu&quot;:&quot;false&quot;,&quot;hoteller_ext_is_scrollme&quot;:&quot;false&quot;,&quot;hoteller_ext_is_smoove&quot;:&quot;false&quot;,&quot;hoteller_ext_is_parallax_mouse&quot;:&quot;false&quot;,&quot;hoteller_ext_is_infinite&quot;:&quot;false&quot;,&quot;hoteller_ext_is_fadeout_animation&quot;:&quot;false&quot;,&quot;hoteller_ext_mobile_static&quot;:&quot;false&quot;}\">\n\t\t\t\t\t<div class=\"e-con-inner\">\n\t\t\t\t<div class=\"elementor-element elementor-element-8c54e09 elementor-widget elementor-widget-html\" data-id=\"8c54e09\" data-element_type=\"widget\" data-settings=\"{&quot;hoteller_ext_link_sidemenu&quot;:&quot;false&quot;,&quot;hoteller_ext_link_fullmenu&quot;:&quot;false&quot;,&quot;hoteller_ext_link_closed_fullmenu&quot;:&quot;false&quot;,&quot;hoteller_ext_is_scrollme&quot;:&quot;false&quot;,&quot;hoteller_ext_is_smoove&quot;:&quot;false&quot;,&quot;hoteller_ext_is_parallax_mouse&quot;:&quot;false&quot;,&quot;hoteller_ext_is_infinite&quot;:&quot;false&quot;,&quot;hoteller_ext_is_fadeout_animation&quot;:&quot;false&quot;,&quot;hoteller_ext_mobile_static&quot;:&quot;false&quot;}\" data-widget_type=\"html.default\">\n\t\t\t\t<div class=\"elementor-widget-container\">\n\t\t\t\t\t<iframe id='frmReseliva' src=\"https:\/\/www.reseliva.com\/booknow\/kemerlihouse\/?lang=tr\" style=\"width:100%; height: 150dvh;\" frameborder=\"0\"><\/iframe>\n    <script>\n    let urlParams = new URLSearchParams(window.location.search);\n    let pCheckInDate = urlParams.get('pCheckInDate');\/\/giri\u015f tarihi  dd\/mm\/YY\n    let pCheckOutDate = urlParams.get('pCheckOutDate');\/\/\u00e7\u0131k\u0131\u015f tarihi dd\/mm\/YY\n    let numAdults_0 = urlParams.get('numAdults_0');\/\/ki\u015fi say\u0131s\u0131\n    let pRoomID = urlParams.get('pRoomID');\/\/ Reseliva Room ID\n    let numChildren_0  = urlParams.get('numChildren_0');\/\/\u00e7ocuk say\u0131s\u0131\n    let lang = urlParams.get('lang');\/\/ se\u00e7ili dil\n    lang=\"tr\";\n    let SearchString = `pRoomID=${pRoomID}&pCheckInDate=${pCheckInDate}&pCheckOutDate=${pCheckOutDate}&numAdults_0=${numAdults_0}&numChildren_0=${numChildren_0}&lang=${lang}`;\n    \n    document.getElementById('frmReseliva').src= \"https:\/\/www.reseliva.com\/booknow\/kemerlihouse\/?\"+SearchString;\n    <\/script>\n    <style>\n\n    @media only screen and (max-width: 768px) {\n       #frmReseliva{\n        \n        height:85vh !important;\n    \n      }\n    }\n\n    \n    <\/style>\t\t\t\t<\/div>\n\t\t\t\t<\/div>\n\t\t\t\t\t<\/div>\n\t\t\t\t<\/div>\n\t\t\t\t<\/div>","protected":false},"excerpt":{"rendered":"","protected":false},"author":1,"featured_media":0,"parent":0,"menu_order":0,"comment_status":"closed","ping_status":"closed","template":"","meta":{"_acf_changed":false,"footnotes":""},"class_list":["post-1435","page","type-page","status-publish","hentry"],"acf":[],"_links":{"self":[{"href":"https:\/\/kemerlihousehotel.com\/en\/wp-json\/wp\/v2\/pages\/1435","targetHints":{"allow":["GET"]}}],"collection":[{"href":"https:\/\/kemerlihousehotel.com\/en\/wp-json\/wp\/v2\/pages"}],"about":[{"href":"https:\/\/kemerlihousehotel.com\/en\/wp-json\/wp\/v2\/types\/page"}],"author":[{"embeddable":true,"href":"https:\/\/kemerlihousehotel.com\/en\/wp-json\/wp\/v2\/users\/1"}],"replies":[{"embeddable":true,"href":"https:\/\/kemerlihousehotel.com\/en\/wp-json\/wp\/v2\/comments?post=1435"}],"version-history":[{"count":4,"href":"https:\/\/kemerlihousehotel.com\/en\/wp-json\/wp\/v2\/pages\/1435\/revisions"}],"predecessor-version":[{"id":1439,"href":"https:\/\/kemerlihousehotel.com\/en\/wp-json\/wp\/v2\/pages\/1435\/revisions\/1439"}],"wp:attachment":[{"href":"https:\/\/kemerlihousehotel.com\/en\/wp-json\/wp\/v2\/media?parent=1435"}],"curies":[{"name":"wp","href":"https:\/\/api.w.org\/{rel}","templated":true}]}}